{"id":209,"date":"2024-02-09T02:33:22","date_gmt":"2024-02-09T01:33:22","guid":{"rendered":"https:\/\/avvocatosaveriocastelli.it\/?page_id=209"},"modified":"2024-02-09T02:33:22","modified_gmt":"2024-02-09T01:33:22","slug":"privacy-policy","status":"publish","type":"page","link":"https:\/\/avvocatosaveriocastelli.it\/?page_id=209","title":{"rendered":"Privacy Policy"},"content":{"rendered":"[vc_row type=&#8221;in_container&#8221; full_screen_row_position=&#8221;middle&#8221; column_margin=&#8221;default&#8221; column_direction=&#8221;default&#8221; column_direction_tablet=&#8221;default&#8221; column_direction_phone=&#8221;default&#8221; scene_position=&#8221;center&#8221; text_color=&#8221;dark&#8221; text_align=&#8221;left&#8221; row_border_radius=&#8221;none&#8221; row_border_radius_applies=&#8221;bg&#8221; overflow=&#8221;visible&#8221; overlay_strength=&#8221;0.3&#8243; gradient_direction=&#8221;left_to_right&#8221; shape_divider_position=&#8221;bottom&#8221; bg_image_animation=&#8221;none&#8221;][vc_column column_padding=&#8221;no-extra-padding&#8221; column_padding_tablet=&#8221;inherit&#8221; column_padding_phone=&#8221;inherit&#8221; column_padding_position=&#8221;all&#8221; column_element_direction_desktop=&#8221;default&#8221; column_element_spacing=&#8221;default&#8221; desktop_text_alignment=&#8221;default&#8221; tablet_text_alignment=&#8221;default&#8221; phone_text_alignment=&#8221;default&#8221; background_color_opacity=&#8221;1&#8243; background_hover_color_opacity=&#8221;1&#8243; column_backdrop_filter=&#8221;none&#8221; column_shadow=&#8221;none&#8221; column_border_radius=&#8221;none&#8221; column_link_target=&#8221;_self&#8221; column_position=&#8221;default&#8221; gradient_direction=&#8221;left_to_right&#8221; overlay_strength=&#8221;0.3&#8243; width=&#8221;1\/1&#8243; tablet_width_inherit=&#8221;default&#8221; animation_type=&#8221;default&#8221; bg_image_animation=&#8221;none&#8221; border_type=&#8221;simple&#8221; column_border_width=&#8221;none&#8221; column_border_style=&#8221;solid&#8221;][vc_column_text]<b>INFORMATIVA SUL TRATTAMENTO E LA PROTEZIONE DEI DATI PERSONALI<\/b><\/p>\n<p>Gentile Visitatore, durante la consultazione di questo sito web possono essere trattati dati relativi a persone fisiche identificate o identificabili.<br \/>\nCon riferimento a tale trattamento di dati si rendono, anche ai sensi dell\u2019art. 13 del Regolamento generale europeo sulla protezione dei dati (Regolamento UE 2016\/679), le seguenti informazioni, la cui validit\u00e0 non \u00e8 estesa per eventuali altri siti web esterni consultati dall\u2019utente tramite link presenti su questo sito.<\/p>\n<p align=\"justify\">Con la prosecuzione della navigazione, e con l\u2019adesione alle proposte di servizio contenute nelle varie parti del sito (ad esempio iscrizione alla nostra newsletter, compilazione di form per richiedere informazioni, ecc.), si danno per acquisite queste informazioni generali sul trattamento, nonch\u00e9 le eventuali specifiche informazioni legate a trattamenti per finalit\u00e0 diverse e specifiche, e l\u2019utente esplicita il relativo consenso ai trattamenti. Si sottolinea che il consenso \u00e8 valido unicamente se proviene da persona maggiorenne o da minore che abbia compiuto i 16 anni (art. 8, commi 1 e 2 del GDPR).<\/p>\n<p><b>TITOLARE DEL TRATTAMENTO E RESPONSABILE DELLA PROTEZIONE DEI DATI<\/b><\/p>\n<p align=\"justify\">Il titolare del trattamento \u00e8 Avvocato Saverio Castelli, P.iva 10341800588 (C.F. CSTSVR66S20G273N), corrente in via Leonardo Umile 21, Roma, telefono +39 3396114318, mail segreteria@avvocatosaveriocastelli.it .<br \/>\nIl responsabile della protezione dei dati \u00e8 Avvocato Saverio Castelli che pu\u00f2 essere contattato presso +39 3396114318, mail segreteria@avvocatosaveriocastelli.it .<\/p>\n<p><b>TIPI DI DATI TRATTATI<\/b><\/p>\n<p>1. Dati di navigazione<br \/>\nI sistemi informatici e le procedure software preposte al funzionamento di questo sito web acquisiscono, nel corso del loro normale esercizio, alcuni dati personali la cui trasmissione \u00e8 implicita nell\u2019uso dei protocolli di comunicazione di Internet.<br \/>\nSi tratta di informazioni che non sono raccolte per essere associate a interessati identificati, ma che per loro stessa natura potrebbero, attraverso elaborazioni ed associazioni con dati detenuti da terzi, permettere di identificare gli utenti.<br \/>\nIn questa categoria di dati rientrano, ad esempio, gli indirizzi IP o i nomi a dominio dei computer o degli altri strumenti utilizzati dagli utenti che si connettono al sito, gli indirizzi in notazione URI (Uniform Resource Identifier) delle risorse richieste, l\u2019orario della richiesta, il metodo utilizzato nel sottoporre la richiesta al server, la dimensione del file ottenuto in risposta, il codice numerico indicante lo stato della risposta data dal server (buon fine, errore, ecc.) ed altri parametri relativi al sistema operativo e all\u2019ambiente informatico dell\u2019utente.<br \/>\nQuesti dati vengono utilizzati al solo fine di ricavare informazioni statistiche anonime sull\u2019uso del sito e per controllarne il corretto funzionamento e vengono cancellati immediatamente dopo l\u2019elaborazione.<\/p>\n<p>2. Cookies<\/p>\n<p>https:\/\/www.avvocatosaveriocastelli.it\/cookie-policy<\/p>\n<p>3. Dati forniti volontariamente dall\u2019utente<br \/>\nL\u2019invio facoltativo, esplicito e volontario di posta elettronica agli indirizzi indicati su questo sito comporta la successiva acquisizione dell\u2019indirizzo del mittente, necessario per rispondere alle richieste, nonch\u00e9 degli eventuali altri dati personali inseriti nella missiva. Specifiche informative di sintesi vengono inoltre riportate o visualizzate nelle sezioni del sito predisposte per particolari servizi a richiesta e sottoposte, se del caso, al consenso dell\u2019interessato.<\/p>\n<p><b>FINALITA\u2019 DEL TRATTAMENTO E FACOLTATIVITA\u2019 DEL CONFERIMENTO DEI DATI<\/b><\/p>\n<p align=\"justify\">A parte quanto specificato per i dati di navigazione e per i cookies tecnici, l\u2019utente \u00e8 libero di fornire i propri dati personali attraverso l\u2019utilizzo di appositi form o moduli presenti nel sito per richiedere l\u2019invio della newsletter, di materiale informativo o di altre comunicazioni e, pi\u00f9 in generale, per le finalit\u00e0 riportate nelle relative e specifiche informative. Il loro mancato conferimento pu\u00f2 comportare l\u2019impossibilit\u00e0 di ottenere quanto richiesto.<\/p>\n<p><b>MODALITA\u2019 DEL TRATTAMENTO<\/b><\/p>\n<p align=\"justify\">Il Titolare del trattamento gestir\u00e0 ed archivier\u00e0 con strumenti automatizzati e\/o cartacei i dati personali raccolti attraverso l\u2019utilizzo del sito e delle sue diverse funzionalit\u00e0 attivabili a richiesta dell\u2019utente, per il tempo strettamente necessario a conseguire gli scopi per cui sono stati raccolti o volontariamente comunicati dall\u2019utente. Specifiche misure di sicurezza, come prevede l\u2019art. 32 del Regolamento (UE) 2016\/679, sono osservate per prevenire la perdita dei dati, usi illeciti o non corretti ed accessi non autorizzati.<\/p>\n<p align=\"justify\">I dati vengono gestiti solo dal Titolare del trattamento e dal personale autorizzato dallo stesso; in caso di necessit\u00e0, i dati personali connessi ai servizi e possono essere trattati dal personale del Titolare che cura la manutenzione tecnica del sito, avvocatosaveriocastelli.it, nominata\/o responsabile esterno del trattamento ai sensi dell\u2019articolo 28 del Reg. UE 2016\/679.<\/p>\n<p>Alcuni dati potranno essere trasferiti in Paesi al di fuori dell\u2019Unione Europea<\/p>\n<p>.<\/p>\n<p>In nessun caso i dati saranno oggetto di diffusione.<br \/>\nSui predetti dati NON \u00c8 prevista attivit\u00e0 di profilazione personale dell\u2019utente.<\/p>\n<p><b>DIRITTI DEGLI INTERESSATI<\/b><\/p>\n<p>Ai soggetti cui si riferiscono i dati personali trattati sono garantiti tutti i diritti di cui agli articoli 15, 16, 17, 18 del Reg. UE 2016\/679, ovvero:<\/p>\n<p>1) Diritto di accesso: l\u2019interessato ha il diritto di ottenere dal Titolare del trattamento la conferma che sia o meno in corso un trattamento di dati personali che lo riguardano e, in tal caso, di ottenere l\u2019accesso ai dati personali e alle informazioni meglio indicate all\u2019art. 15 del Reg. UE 2016\/679;<br \/>\n2) Diritto di rettifica: l\u2019interessato ha il diritto di ottenere dal titolare del trattamento la rettifica dei dati personali inesatti che lo riguardano senza ingiustificato ritardo;<br \/>\n3) Diritto all\u2019oblio: l\u2019interessato ha il diritto di ottenere dal Titolare del trattamento la cancellazione dei dati personali che lo riguardano senza ingiustificato ritardo e il titolare del trattamento ha l\u2019obbligo di cancellare senza ingiustificato ritardo i dati personali, se sussiste uno dei motivi elencati all\u2019art. 17 del Reg. UE 2016\/679;<br \/>\n4) Diritto di limitazione di trattamento: L\u2019interessato ha diritto di ottenere la limitazione del trattamento dei propri dati quando ricorre una delle ipotesi elencate all\u2019art. 18 del Reg. UE 2016\/679.<br \/>\n5) Diritto alla portabilit\u00e0: l\u2019interessato ha il diritto di ricevere in un formato strutturato, di uso comune e leggibile da dispositivo automatico, i dati personali che lo riguardano forniti a un titolare del trattamento e ha il diritto di trasmettere tali dati a un altro titolare del trattamento senza impedimenti da parte del titolare del trattamento cui li ha forniti;<\/p>\n<p>6) Diritto a revocare il consenso al trattamento, senza pregiudizio per la liceit\u00e0 del trattamento basata sul consenso acquisito prima della revoca; la revoca avr\u00e0 quindi effetto solo per il futuro;<br \/>\n7) Diritto di proporre reclamo all\u2019Autorit\u00e0 Garante per la Protezione dei dati personali.<\/p>\n<p><b>MODALITA\u2019 DI ESERCIZIO DEI DIRITTI<\/b><\/p>\n<p>Ciascun interessato pu\u00f2 esercitare i diritti di cui al paragrafo che precede inviando le relative richieste:<\/p>\n<p>\u2013 via posta, a: Avvocato Saverio Castelli, corrente in via Leonardo Umile 21, Roma;<br \/>\n\u2013 a mezzo pec all\u2019indirizzo: avvsaveriocastelli@pec.it. Il termine per la risposta all\u2019interessato \u00e8 di un mese, estendibile fino a tre mesi in casi di particolare complessit\u00e0. Il Titolare si riserva la facolt\u00e0 di chiedere all\u2019interessato un contributo economico in caso di richieste manifestamente infondate o eccessive (anche ripetitive), ovvero se sono richieste pi\u00f9 copie dei dati personali.***<\/p>\n<p>Conformemente a quanto previsto dall\u2019art. 13 del Regolamento (UE) 2016\/679, il Titolare del trattamento, informa che il trattamento dei dati personali, compreso l\u2019indirizzo di posta elettronica, altri indirizzi o identificativi personali forniti mediante la compilazione dei moduli presenti nel proprio sito internet, verr\u00e0 effettuato per le finalit\u00e0 ed alle condizioni di seguito previste.<\/p>\n<p><b>NATURA DEI DATI TRATTATI E FINALITA\u2019 DEL TRATTAMENTO<\/b><\/p>\n<p>L\u2019Avvocato Saverio Castelli, P.iva 10341800588 (C.F. CSTSVR66S20G273N), corrente in via Leonardo Umile 21, Roma, telefono +39 3396114318, mail segreteria@avvocatosaveriocastelli.it acquisir\u00e0 e tratter\u00e0 unicamente dati anagrafici ed eventualmente fiscali; in nessun caso tratter\u00e0 dati definibili, ai sensi dell\u2019art. 9 del Regolamento 679, come \u201cparticolari\u201d.<br \/>\nI dati personali forniti al Titolare del trattamento, verranno da questa trattati per il perseguimento delle seguenti finalit\u00e0:<\/p>\n<p>a) per dar seguito alle specifiche richieste comunicate per il tramite del suo sito internet;<br \/>\nb) per l\u2019iscrizione alla newsletter ed il conseguente ricevimento di comunicazioni informative varie concernenti il settore nel quale opera;<br \/>\nc) per comunicazioni di natura commerciale, pubblicitaria ed illustrativa dei prodotti e servizi della stessa societ\u00e0.<\/p>\n<p><b>NECESSITA\u2019 DEL CONFERIMENTO DEI DATI<\/b><\/p>\n<p>Il conferimento dei dati \u00e8 necessario per poter consentirci di dare esecuzione alle richieste dell\u2019utente. Esso \u00e8, invece, facoltativo per le attivit\u00e0 promozionali e di marketing di cui alle lettere b) e c) dell\u2019articolo che precede. L\u2019eventuale rifiuto a fornire, in tutto o in parte, i dati personali in oggetto potrebbe comportare<\/p>\n<p>l\u2019impossibilit\u00e0 di dare seguito alla richiesta dell\u2019interessato, ed impedirebbe, comunque, lo svolgimento delle attivit\u00e0 promozionali e di marketing.<\/p>\n<p><b>MODALITA\u2019 DI TRATTAMENTO DEI DATI<\/b><\/p>\n<p>I dati sono organizzati in archivi cartacei ed in banche dati elettroniche; il trattamento degli stessi avviene mediante l\u2019utilizzo di strumenti manuali, informatici, telematici e procedure idonee a garantirne la sicurezza e la riservatezza, nel rispetto comunque delle misure di sicurezza ritenute adeguate in forza dei principi del GDPR (art. 32).<\/p>\n<p><b>AMBITO DI CONOSCENZA DEI DATI<\/b><\/p>\n<p>I dati possono essere conosciuti dal Titolare del trattamento e dal personale dallo stesso autorizzato.<\/p>\n<p><b>COMUNICAZIONE E DIFFUSIONE DEI DATI<\/b><\/p>\n<p>I dati potranno essere comunicati da Avvocato Saverio Castelli a soggetti esterni, fra i quali:<\/p>\n<p>\u2013 istituti bancari, in particolare per la gestione dei pagamenti;<br \/>\n\u2013 spedizionieri, servizi traco e di consegna porta a porta (runners o raiders) e poste per l\u2019invio o il ricevimento di documenti;<br \/>\n\u2013 professionisti vari, fra cui professionisti di studi legali, per la tutela dei diritti nascenti dai rapporti contrattuali;<br \/>\n\u2013 societ\u00e0 esterne di gestione del marketing, incaricate dall\u2019Avvocato Saverio Castelli. In nessun caso i dati saranno oggetto di diffusione.<\/p>\n<p><b>ESERCIZIO DEI DIRITTI DI CUI AGLI ARTT. 15 \u2013 21<\/b> <b>del Reg. UE 2016\/679<\/b>.<\/p>\n<p align=\"justify\">In ogni momento, potrete esercitare i diritti in capo all\u2019interessato previsti dal GDPR, facendo richiesta a Avvocato Saverio Castelli, al seguente indirizzo di posta: segreteria@avvocatosaveriocastelli.it, oppure tramite pec all\u2019indirizzo avvsaveriocastelli@pec.it.<\/p>\n<p align=\"justify\">Acquisite le informazioni fornite da Avvocato Saverio Castelli, P.iva 10341800588 (C.F. CSTSVR66S20G273N), corrente in via Leonardo Umile 21, Roma, ai sensi dell\u2019articolo 13 del GDPR, l\u2019utente \u2013 dichiarando di essere maggiorenne o di avere almeno 16 anni \u2013 presta il proprio consenso per l\u2019inserimento dei dati personali nell\u2019archivio elettronico ai fini dalla newsletter ed il conseguente trattamento dei propri dati personali per le finalit\u00e0 connesse.<\/p>\n<p>Presta il proprio consenso per l\u2019inserimento dei propri dati personali nell\u2019archivio elettronico ai fini di marketing, comunicazioni commerciali e pubblicitarie dei propri prodotti o servizi.[\/vc_column_text][\/vc_column][\/vc_row]\n","protected":false},"excerpt":{"rendered":"<p>[vc_row type=&#8221;in_container&#8221; full_screen_row_position=&#8221;middle&#8221; column_margin=&#8221;default&#8221; column_direction=&#8221;default&#8221; column_direction_tablet=&#8221;default&#8221; column_direction_phone=&#8221;default&#8221; scene_position=&#8221;center&#8221; text_color=&#8221;dark&#8221; text_align=&#8221;left&#8221; row_border_radius=&#8221;none&#8221; row_border_radius_applies=&#8221;bg&#8221; overflow=&#8221;visible&#8221; overlay_strength=&#8221;0.3&#8243; gradient_direction=&#8221;left_to_right&#8221; shape_divider_position=&#8221;bottom&#8221; bg_image_animation=&#8221;none&#8221;][vc_column column_padding=&#8221;no-extra-padding&#8221; column_padding_tablet=&#8221;inherit&#8221; column_padding_phone=&#8221;inherit&#8221; column_padding_position=&#8221;all&#8221; column_element_direction_desktop=&#8221;default&#8221; column_element_spacing=&#8221;default&#8221; desktop_text_alignment=&#8221;default&#8221; tablet_text_alignment=&#8221;default&#8221; phone_text_alignment=&#8221;default&#8221; background_color_opacity=&#8221;1&#8243; background_hover_color_opacity=&#8221;1&#8243; column_backdrop_filter=&#8221;none&#8221; column_shadow=&#8221;none&#8221;&#8230;<\/p>\n","protected":false},"author":2,"featured_media":0,"parent":0,"menu_order":0,"comment_status":"closed","ping_status":"closed","template":"","meta":{"om_disable_all_campaigns":false,"_monsterinsights_skip_tracking":false,"_monsterinsights_sitenote_active":false,"_monsterinsights_sitenote_note":"","_monsterinsights_sitenote_category":0,"footnotes":""},"aioseo_notices":[],"_links":{"self":[{"href":"https:\/\/avvocatosaveriocastelli.it\/index.php?rest_route=\/wp\/v2\/pages\/209"}],"collection":[{"href":"https:\/\/avvocatosaveriocastelli.it\/index.php?rest_route=\/wp\/v2\/pages"}],"about":[{"href":"https:\/\/avvocatosaveriocastelli.it\/index.php?rest_route=\/wp\/v2\/types\/page"}],"author":[{"embeddable":true,"href":"https:\/\/avvocatosaveriocastelli.it\/index.php?rest_route=\/wp\/v2\/users\/2"}],"replies":[{"embeddable":true,"href":"https:\/\/avvocatosaveriocastelli.it\/index.php?rest_route=%2Fwp%2Fv2%2Fcomments&post=209"}],"version-history":[{"count":1,"href":"https:\/\/avvocatosaveriocastelli.it\/index.php?rest_route=\/wp\/v2\/pages\/209\/revisions"}],"predecessor-version":[{"id":210,"href":"https:\/\/avvocatosaveriocastelli.it\/index.php?rest_route=\/wp\/v2\/pages\/209\/revisions\/210"}],"wp:attachment":[{"href":"https:\/\/avvocatosaveriocastelli.it\/index.php?rest_route=%2Fwp%2Fv2%2Fmedia&parent=209"}],"curies":[{"name":"wp","href":"https:\/\/api.w.org\/{rel}","templated":true}]}}